{"id":3204,"date":"2023-10-28T16:15:02","date_gmt":"2023-10-28T20:15:02","guid":{"rendered":"https:\/\/rosyhf.com\/shake-off-phyto-fiber\/"},"modified":"2026-05-02T05:55:53","modified_gmt":"2026-05-02T10:55:53","slug":"se-debarrasser-des-fibres-phyto","status":"publish","type":"product","link":"https:\/\/www.rosyhf.com\/fr\/product\/shake-off-phyto-fiber\/","title":{"rendered":"Shake Off Phyto Fiber Lemon"},"content":{"rendered":"<p>SHAKE OFF Phyto Fiber est un excellent d\u00e9toxifiant. En phytoth\u00e9rapie, le concept de rajeunissement, de d\u00e9sintoxication, est tout aussi important qu'une alimentation \u00e9quilibr\u00e9e. Si la plupart des gens sont conscients de l'importance de la nutrition, peu d'entre eux s'int\u00e9ressent \u00e0 la d\u00e9sintoxication de l'intestin et du c\u00f4lon (gros intestin).<\/p>\n<p><strong>LES AVANTAGES DU SHAKE OFF<\/strong><\/p>\n<p>- Formul\u00e9 et fabriqu\u00e9 \u00e0 partir d'une liste d'ingr\u00e9dients enti\u00e8rement biologiques, sans effets secondaires.<\/p>\n<p>- Un moyen rapide, efficace et abordable d'\u00e9liminer les d\u00e9chets encombrants. Il pr\u00e9vient ainsi la coprostase et le cancer du c\u00f4lon.<\/p>\n<p>- R\u00e9duit l'exc\u00e8s de poids et diminue le mauvais cholest\u00e9rol.<\/p>\n<p>- Il am\u00e9liore le teint et a un effet anti-\u00e2ge.<\/p>\n<p>- Favorise la croissance des bonnes bact\u00e9ries pour r\u00e9duire les probl\u00e8mes de constipation.<\/p>\n<p>- Pratique \u00e0 transporter, facile \u00e0 pr\u00e9parer et d\u00e9licieux.<\/p>\n<p><strong>INGR\u00c9DIENTS ET UTILISATION :<\/strong><\/p>\n<p>Fibre v\u00e9g\u00e9tale<\/p>\n<p>- Soulage la diarrh\u00e9e et absorbe l'exc\u00e8s d'eau dans l'intestin<\/p>\n<p>- \u00c9limine la coprostase pi\u00e9g\u00e9e dans l'intestin<\/p>\n<p>Roselle Beny<\/p>\n<p>- Riche en vitamine C<\/p>\n<p>- Diur\u00e9tique naturel pour aider \u00e0 augmenter le flux urinaire<\/p>\n<p>- Facilite la circulation sanguine et abaisse la tension art\u00e9rielle<\/p>\n<p>Avoine biologique<\/p>\n<p>- Absorbe le cholest\u00e9rol, riche en son et en fibres \u00e9galement<\/p>\n<p>- Contient des acides amin\u00e9s, de la vitamine BI, du calcium et du fer.<\/p>\n<p>Garcinia Cambogia<\/p>\n<p>- Diminue l'app\u00e9tit et augmente le m\u00e9tabolisme<\/p>\n<p>- Inhibe les enzymes afin de garantir que l'exc\u00e8s de sucre est stock\u00e9 pour l'\u00e9nergie.<\/p>\n<p>Inuline<\/p>\n<p>- Un pr\u00e9biotique qui stimule la production de bonnes bact\u00e9ries comme le bifidus dans les intestins.<\/p>\n<p>- Soulage le diab\u00e8te sucr\u00e9 en r\u00e9duisant la production naturelle d'inuline<\/p>","protected":false},"excerpt":{"rendered":"<p>SHAKE OFF Phyto Fiber is an excellent detoxifier. In herbal medicine, the concept of rejuvenation, of detoxification, is just as important as a balanced diet. Although most people are aware of the importance of nutrition nutrition, few focus on detoxification of the intestine and colon (large intestine). BENEFITS OF SHAKE OFF &#8211; Formulated and made [&hellip;]<\/p>\n","protected":false},"featured_media":3205,"comment_status":"open","ping_status":"closed","template":"","meta":{"site-sidebar-layout":"default","site-content-layout":"","ast-site-content-layout":"default","site-content-style":"default","site-sidebar-style":"default","ast-global-header-display":"","ast-banner-title-visibility":"","ast-main-header-display":"","ast-hfb-above-header-display":"","ast-hfb-below-header-display":"","ast-hfb-mobile-header-display":"","site-post-title":"","ast-breadcrumbs-content":"","ast-featured-img":"","footer-sml-layout":"","ast-disable-related-posts":"","theme-transparent-header-meta":"","adv-header-id-meta":"","stick-header-meta":"","header-above-stick-meta":"","header-main-stick-meta":"","header-below-stick-meta":"","astra-migrate-meta-layouts":"default","ast-page-background-enabled":"default","ast-page-background-meta":{"desktop":{"background-color":"var(--ast-global-color-4)","background-image":"","background-repeat":"repeat","background-position":"center center","background-size":"auto","background-attachment":"scroll","background-type":"","background-media":"","overlay-type":"","overlay-color":"","overlay-opacity":"","overlay-gradient":""},"tablet":{"background-color":"","background-image":"","background-repeat":"repeat","background-position":"center center","background-size":"auto","background-attachment":"scroll","background-type":"","background-media":"","overlay-type":"","overlay-color":"","overlay-opacity":"","overlay-gradient":""},"mobile":{"background-color":"","background-image":"","background-repeat":"repeat","background-position":"center center","background-size":"auto","background-attachment":"scroll","background-type":"","background-media":"","overlay-type":"","overlay-color":"","overlay-opacity":"","overlay-gradient":""}},"ast-content-background-meta":{"desktop":{"background-color":"var(--ast-global-color-5)","background-image":"","background-repeat":"repeat","background-position":"center center","background-size":"auto","background-attachment":"scroll","background-type":"","background-media":"","overlay-type":"","overlay-color":"","overlay-opacity":"","overlay-gradient":""},"tablet":{"background-color":"var(--ast-global-color-5)","background-image":"","background-repeat":"repeat","background-position":"center center","background-size":"auto","background-attachment":"scroll","background-type":"","background-media":"","overlay-type":"","overlay-color":"","overlay-opacity":"","overlay-gradient":""},"mobile":{"background-color":"var(--ast-global-color-5)","background-image":"","background-repeat":"repeat","background-position":"center center","background-size":"auto","background-attachment":"scroll","background-type":"","background-media":"","overlay-type":"","overlay-color":"","overlay-opacity":"","overlay-gradient":""}}},"product_brand":[],"product_cat":[117],"product_tag":[54],"class_list":{"0":"post-3204","1":"product","2":"type-product","3":"status-publish","4":"has-post-thumbnail","6":"product_cat-edmark-food-supplement","7":"product_tag-food-supplement","8":"desktop-align-left","9":"tablet-align-left","10":"mobile-align-left","11":"ast-product-gallery-layout-horizontal-slider","12":"ast-product-gallery-with-no-image","13":"ast-magnify-disabled","14":"ast-product-tabs-layout-accordion","16":"first","17":"instock","18":"taxable","19":"shipping-taxable","20":"purchasable","21":"product-type-simple"},"bundled_by":[],"bundle_stock_status":"instock","bundle_stock_quantity":null,"bundle_virtual":false,"bundle_layout":"","bundle_add_to_cart_form_location":"","bundle_editable_in_cart":false,"bundle_sold_individually_context":"","bundle_item_grouping":"","bundle_min_size":"","bundle_max_size":"","bundle_price":[],"bundled_items":[],"bundle_sell_ids":[],"_links":{"self":[{"href":"https:\/\/www.rosyhf.com\/fr\/wp-json\/wp\/v2\/product\/3204","targetHints":{"allow":["GET"]}}],"collection":[{"href":"https:\/\/www.rosyhf.com\/fr\/wp-json\/wp\/v2\/product"}],"about":[{"href":"https:\/\/www.rosyhf.com\/fr\/wp-json\/wp\/v2\/types\/product"}],"replies":[{"embeddable":true,"href":"https:\/\/www.rosyhf.com\/fr\/wp-json\/wp\/v2\/comments?post=3204"}],"version-history":[{"count":1,"href":"https:\/\/www.rosyhf.com\/fr\/wp-json\/wp\/v2\/product\/3204\/revisions"}],"predecessor-version":[{"id":3248,"href":"https:\/\/www.rosyhf.com\/fr\/wp-json\/wp\/v2\/product\/3204\/revisions\/3248"}],"wp:featuredmedia":[{"embeddable":true,"href":"https:\/\/www.rosyhf.com\/fr\/wp-json\/wp\/v2\/media\/3205"}],"wp:attachment":[{"href":"https:\/\/www.rosyhf.com\/fr\/wp-json\/wp\/v2\/media?parent=3204"}],"wp:term":[{"taxonomy":"product_brand","embeddable":true,"href":"https:\/\/www.rosyhf.com\/fr\/wp-json\/wp\/v2\/product_brand?post=3204"},{"taxonomy":"product_cat","embeddable":true,"href":"https:\/\/www.rosyhf.com\/fr\/wp-json\/wp\/v2\/product_cat?post=3204"},{"taxonomy":"product_tag","embeddable":true,"href":"https:\/\/www.rosyhf.com\/fr\/wp-json\/wp\/v2\/product_tag?post=3204"}],"curies":[{"name":"wp","href":"https:\/\/api.w.org\/{rel}","templated":true}]}}