{"id":2908,"date":"2023-10-28T10:46:25","date_gmt":"2023-10-28T15:46:25","guid":{"rendered":"https:\/\/rosyhf.com\/red-yeast-coffee\/"},"modified":"2026-04-26T09:34:10","modified_gmt":"2026-04-26T14:34:10","slug":"cafe-a-la-levure-rouge","status":"publish","type":"product","link":"https:\/\/www.rosyhf.com\/fr\/product\/red-yeast-coffee\/","title":{"rendered":"Caf\u00e9 \u00e0 la levure rouge"},"content":{"rendered":"<p>Le caf\u00e9 \u00e0 la levure rouge d'EDMARK est fabriqu\u00e9 \u00e0 partir d'un m\u00e9lange biologique de grains de caf\u00e9 de qualit\u00e9 sup\u00e9rieure import\u00e9s et d'extrait de levure de riz rouge (RYRE). Le RYRE est une substance extraite du riz qui a \u00e9t\u00e9 ferment\u00e9 avec un type de levure appel\u00e9 Monascus purpureus, utilis\u00e9 dans les pays principalement asiatiques depuis des si\u00e8cles comme m\u00e9decine traditionnelle.<\/p>\n<p><\/p>\n<p>Caract\u00e9ristiques<\/p>\n<p><strong>Avantages<\/strong><\/p>\n<p>- R\u00e9duit les niveaux de mauvais cholest\u00e9rol et de triglyc\u00e9rides<\/p>\n<p>- Augmente le taux de bon cholest\u00e9rol<\/p>\n<p>- Am\u00e9liore la circulation et la digestion<\/p>\n<p>- Apaise les douleurs abdominales<\/p>\n<p>- Renforce la fonction de la rate<\/p>\n<p>- Il poss\u00e8de des propri\u00e9t\u00e9s antioxydantes et aide \u00e0 r\u00e9duire le processus de vieillissement.<\/p>\n<p><strong>Taille de l'emballage :<\/strong>\u00a020g x 20 Sachets<\/p>\n<p><strong>Poids net :<\/strong>\u00a0360g<\/p>\n<p><strong>Dosage recommand\u00e9 :<\/strong>\u00a03 sachets par jour ou selon les pr\u00e9f\u00e9rences<\/p>\n<p>&#8212;&#8212;&#8212;&#8212;&#8212;&#8212;&#8212;&#8212;&#8212;&#8212;&#8212;&#8212;&#8212;&#8212;&#8212;&#8212;&#8212;&#8212;&#8212;&#8212;&#8212;&#8212;&#8212;&#8212;&#8212;&#8212;&#8212;&#8212;&#8212;&#8212;&#8212;&#8212;&#8212;&#8212;&#8212;&#8212;&#8212;&#8212;&#8212;&#8212;&#8212;&#8212;&#8212;&#8212;&#8212;&#8211;<\/p>\n<p>caract\u00e9ristiques<\/p>\n<p><strong>Avantages<\/strong><\/p>\n<p>- R\u00e9duit les taux de mauvais cholest\u00e9rol et de triglyc\u00e9rides<\/p>\n<p>- Augmente le taux de bon cholest\u00e9rol<\/p>\n<p>- Am\u00e9liore la circulation et la digestion<\/p>\n<p>- Apaise les douleurs abdominales<\/p>\n<p>- Renforce la fonction de la rate<\/p>\n<p>- Offre des propri\u00e9t\u00e9s antioxydantes et aide \u00e0 r\u00e9duire le processus de vieillissement.<\/p>\n<p><strong>Taille de l'emballage :<\/strong>\u00a020g x 20 Sachets<\/p>\n<p><strong>Poids net<\/strong>\u00a0: 360g<\/p>\n<p><strong>Dosage recommand\u00e9 :<\/strong>\u00a03 sachets par jour ou selon les pr\u00e9f\u00e9rences<\/p>","protected":false},"excerpt":{"rendered":"<p>EDMARK\u2019s Red Yeast Coffee is made from the organic blend of imported premium coffee beans and red yeast rice extract (RYRE). RYRE is a substance that\u2019s extracted from rice that\u2019s been fermented with a type of yeast called Monascus purpureus, used in predominantly Asian countries for centuries as traditional medicine. Features Benefits \u2013 Reduces levels [&hellip;]<\/p>\n","protected":false},"featured_media":16928,"comment_status":"open","ping_status":"closed","template":"","meta":{"site-sidebar-layout":"default","site-content-layout":"","ast-site-content-layout":"default","site-content-style":"default","site-sidebar-style":"default","ast-global-header-display":"","ast-banner-title-visibility":"","ast-main-header-display":"","ast-hfb-above-header-display":"","ast-hfb-below-header-display":"","ast-hfb-mobile-header-display":"","site-post-title":"","ast-breadcrumbs-content":"","ast-featured-img":"","footer-sml-layout":"","ast-disable-related-posts":"","theme-transparent-header-meta":"default","adv-header-id-meta":"","stick-header-meta":"default","header-above-stick-meta":"","header-main-stick-meta":"","header-below-stick-meta":"","astra-migrate-meta-layouts":"set","ast-page-background-enabled":"default","ast-page-background-meta":{"desktop":{"background-color":"var(--ast-global-color-4)","background-image":"","background-repeat":"repeat","background-position":"center center","background-size":"auto","background-attachment":"scroll","background-type":"","background-media":"","overlay-type":"","overlay-color":"","overlay-opacity":"","overlay-gradient":""},"tablet":{"background-color":"","background-image":"","background-repeat":"repeat","background-position":"center center","background-size":"auto","background-attachment":"scroll","background-type":"","background-media":"","overlay-type":"","overlay-color":"","overlay-opacity":"","overlay-gradient":""},"mobile":{"background-color":"","background-image":"","background-repeat":"repeat","background-position":"center center","background-size":"auto","background-attachment":"scroll","background-type":"","background-media":"","overlay-type":"","overlay-color":"","overlay-opacity":"","overlay-gradient":""}},"ast-content-background-meta":{"desktop":{"background-color":"var(--ast-global-color-5)","background-image":"","background-repeat":"repeat","background-position":"center center","background-size":"auto","background-attachment":"scroll","background-type":"","background-media":"","overlay-type":"","overlay-color":"","overlay-opacity":"","overlay-gradient":""},"tablet":{"background-color":"var(--ast-global-color-5)","background-image":"","background-repeat":"repeat","background-position":"center center","background-size":"auto","background-attachment":"scroll","background-type":"","background-media":"","overlay-type":"","overlay-color":"","overlay-opacity":"","overlay-gradient":""},"mobile":{"background-color":"var(--ast-global-color-5)","background-image":"","background-repeat":"repeat","background-position":"center center","background-size":"auto","background-attachment":"scroll","background-type":"","background-media":"","overlay-type":"","overlay-color":"","overlay-opacity":"","overlay-gradient":""}}},"product_brand":[],"product_cat":[122],"product_tag":[53],"class_list":{"0":"post-2908","1":"product","2":"type-product","3":"status-publish","4":"has-post-thumbnail","6":"product_cat-edmark-coffee","7":"product_tag-coffee","8":"desktop-align-left","9":"tablet-align-left","10":"mobile-align-left","11":"ast-product-gallery-layout-horizontal-slider","12":"ast-product-gallery-with-no-image","13":"ast-magnify-disabled","14":"ast-product-tabs-layout-accordion","16":"first","17":"instock","18":"taxable","19":"shipping-taxable","20":"purchasable","21":"product-type-simple"},"bundled_by":[],"bundle_stock_status":"instock","bundle_stock_quantity":null,"bundle_virtual":false,"bundle_layout":"","bundle_add_to_cart_form_location":"","bundle_editable_in_cart":false,"bundle_sold_individually_context":"","bundle_item_grouping":"","bundle_min_size":"","bundle_max_size":"","bundle_price":[],"bundled_items":[],"bundle_sell_ids":[],"_links":{"self":[{"href":"https:\/\/www.rosyhf.com\/fr\/wp-json\/wp\/v2\/product\/2908","targetHints":{"allow":["GET"]}}],"collection":[{"href":"https:\/\/www.rosyhf.com\/fr\/wp-json\/wp\/v2\/product"}],"about":[{"href":"https:\/\/www.rosyhf.com\/fr\/wp-json\/wp\/v2\/types\/product"}],"replies":[{"embeddable":true,"href":"https:\/\/www.rosyhf.com\/fr\/wp-json\/wp\/v2\/comments?post=2908"}],"version-history":[{"count":3,"href":"https:\/\/www.rosyhf.com\/fr\/wp-json\/wp\/v2\/product\/2908\/revisions"}],"predecessor-version":[{"id":7462,"href":"https:\/\/www.rosyhf.com\/fr\/wp-json\/wp\/v2\/product\/2908\/revisions\/7462"}],"wp:featuredmedia":[{"embeddable":true,"href":"https:\/\/www.rosyhf.com\/fr\/wp-json\/wp\/v2\/media\/16928"}],"wp:attachment":[{"href":"https:\/\/www.rosyhf.com\/fr\/wp-json\/wp\/v2\/media?parent=2908"}],"wp:term":[{"taxonomy":"product_brand","embeddable":true,"href":"https:\/\/www.rosyhf.com\/fr\/wp-json\/wp\/v2\/product_brand?post=2908"},{"taxonomy":"product_cat","embeddable":true,"href":"https:\/\/www.rosyhf.com\/fr\/wp-json\/wp\/v2\/product_cat?post=2908"},{"taxonomy":"product_tag","embeddable":true,"href":"https:\/\/www.rosyhf.com\/fr\/wp-json\/wp\/v2\/product_tag?post=2908"}],"curies":[{"name":"wp","href":"https:\/\/api.w.org\/{rel}","templated":true}]}}