{"id":17052,"date":"2025-11-18T11:41:48","date_gmt":"2025-11-18T16:41:48","guid":{"rendered":"https:\/\/www.rosyhf.com\/product\/clear-proof-spot-solution-for-acne-prone-skin-29g\/"},"modified":"2025-11-18T11:41:48","modified_gmt":"2025-11-18T16:41:48","slug":"clear-proof-spot-solution-for-acne-prone-skin-29g","status":"publish","type":"product","link":"https:\/\/www.rosyhf.com\/fr\/product\/clear-proof-spot-solution-for-acne-prone-skin-29g\/","title":{"rendered":"Clear Proof\u00ae Spot Solution pour les peaux acn\u00e9iques 29g"},"content":{"rendered":"<p>Ass\u00e8che et aide \u00e0 \u00e9liminer les boutons d'acn\u00e9 et permet \u00e0 la peau de cicatriser.<\/p>\n<ul>\n<li>La formule \u00e0 base de plantes contient de l'acide salicylique 2%.<\/li>\n<li>Absorbe rapidement.<\/li>\n<li>Ne laisse aucun r\u00e9sidu.<\/li>\n<li>Convient aux peaux sensibles.<\/li>\n<li>Sans huile ni parfum.<\/li>\n<li>Non com\u00e9dog\u00e8ne.<\/li>\n<\/ul>\n<p><\/p>\n<p><strong>Conseils pour la candidature<\/strong><\/p>\n<p>Apr\u00e8s avoir utilis\u00e9 le nettoyant clarifiant pour la peau acn\u00e9ique et la lotion purifiante pour la peau acn\u00e9ique, appliquer Spot Solution pour la peau acn\u00e9ique une fois par jour sur les zones affect\u00e9es du visage. Augmenter jusqu'\u00e0 3 fois par jour si n\u00e9cessaire ou selon les recommandations d'un m\u00e9decin. En cas d'irritation ou de desquamation, r\u00e9duire l'application \u00e0 une fois par jour.<\/p>\n<p><\/p>\n<p>Avertissements : Pour usage externe uniquement. L'utilisation d'autres produits topiques contre l'acn\u00e9 en m\u00eame temps ou imm\u00e9diatement apr\u00e8s l'utilisation de ce produit peut augmenter la s\u00e9cheresse ou l'irritation de la peau. Dans ce cas, il convient de n'utiliser qu'un seul produit, sauf indication contraire d'un m\u00e9decin. \u00c9viter tout contact avec les yeux ; en cas de contact, rincer abondamment \u00e0 l'eau. Cesser l'utilisation si une irritation cutan\u00e9e excessive appara\u00eet ou s'aggrave. Si l'irritation persiste, consulter un m\u00e9decin. Tenir hors de port\u00e9e des enfants.<\/p>\n<p><strong>Ingr\u00e9dients cl\u00e9s<\/strong><\/p>\n<p>L'acide salicylique agit comme un exfoliant qui facilite l'\u00e9limination des cellules mortes de la peau. Il contribue ainsi \u00e0 d\u00e9sobstruer les pores et \u00e0 r\u00e9duire l'accumulation des bact\u00e9ries P. acnes.<\/p>\n<p><\/p>\n<p>La solution Clear Proof\u00ae Spot Solution pour les peaux acn\u00e9iques fonctionne mieux dans le cadre du syst\u00e8me Clear Proof\u00ae Acne, qui utilise l'acide salicylique pour s'attaquer aux multiples facteurs qui peuvent contribuer aux \u00e9ruptions d'acn\u00e9. Ce syst\u00e8me s'est av\u00e9r\u00e9 efficace chez les adolescents et les adultes, les hommes et les femmes, et les diff\u00e9rentes ethnies, d'un oc\u00e9an \u00e0 l'autre.<\/p>\n<p><\/p>\n<p><strong>Ingr\u00e9dients :<\/strong><\/p>\n<ul>\n<li><a href=\"http:\/\/community.marykayintouch.ca\/pages\/Product-Information\/Ingredients-List#!?q=P&#038;ingredientName=PHENOXYETHANOL\" rel=\"noopener noreferrer nofollow\" target=\"_blank\">PH\u00c9NOXY\u00c9THANOL,\u00a0<\/a><a href=\"http:\/\/community.marykayintouch.ca\/pages\/Product-Information\/Ingredients-List#!?q=B&#038;ingredientName=BUTYLENE%20GLYCOL\" rel=\"noopener noreferrer nofollow\" target=\"_blank\">LE BUTYL\u00c8NE GLYCOL,\u00a0<\/a><a href=\"http:\/\/community.marykayintouch.ca\/pages\/Product-Information\/Ingredients-List#!?q=I&#038;ingredientName=ISOBUTYL%20METHYL%20TETRAHYDROPYRANOL\" rel=\"noopener noreferrer nofollow\" target=\"_blank\">ISOBUTYL M\u00c9THYL T\u00c9TRAHYDROPYRANOL,\u00a0<\/a><a href=\"http:\/\/community.marykayintouch.ca\/pages\/Product-Information\/Ingredients-List#!?q=M&#038;ingredientName=METHYLENEDIOXYPHENYL%20METHYLPROPANAL\" rel=\"noopener noreferrer nofollow\" target=\"_blank\">M\u00c9THYL\u00c8NEDIOXYPH\u00c9NYL M\u00c9THYLPROPANAL,\u00a0<\/a><a href=\"http:\/\/community.marykayintouch.ca\/pages\/Product-Information\/Ingredients-List#!?q=M&#038;ingredientName=METHYLPARABEN\" rel=\"noopener noreferrer nofollow\" target=\"_blank\">METHYLPARABEN,\u00a0<\/a><a href=\"http:\/\/community.marykayintouch.ca\/pages\/Product-Information\/Ingredients-List#!?q=C&#038;ingredientName=CHLORPHENESIN\" rel=\"noopener noreferrer nofollow\" target=\"_blank\">CHLORPHENESIN,\u00a0<\/a><a href=\"http:\/\/community.marykayintouch.ca\/pages\/Product-Information\/Ingredients-List#!?q=C&#038;ingredientName=CYSTOSEIRA%20AMENTACEA\/CAESPITOSA\/BRANCHYCARPA%20EXTRACT\" rel=\"noopener noreferrer nofollow\" target=\"_blank\">EXTRAIT DE CYSTOSEIRA AMENTACEA\/CAESPITOSA\/BRANCHYCARPA,\u00a0<\/a><a href=\"http:\/\/community.marykayintouch.ca\/pages\/Product-Information\/Ingredients-List#!?q=G&#038;ingredientName=GAMMA-UNDECALACTONE\" rel=\"noopener noreferrer nofollow\" target=\"_blank\">GAMMA-UND\u00c9CALACTONE,\u00a0<\/a><a href=\"http:\/\/community.marykayintouch.ca\/pages\/Product-Information\/Ingredients-List#!?q=S&#038;ingredientName=SODIUM%20METABISULFITE\" rel=\"noopener noreferrer nofollow\" target=\"_blank\">M\u00c9TABISULFITE DE SODIUM,\u00a0<\/a><a href=\"http:\/\/community.marykayintouch.ca\/pages\/Product-Information\/Ingredients-List#!?q=B&#038;ingredientName=BENZOIC%20ACID\" rel=\"noopener noreferrer nofollow\" target=\"_blank\">ACIDE BENZO\u00cfQUE,\u00a0<\/a><a href=\"http:\/\/community.marykayintouch.ca\/pages\/Product-Information\/Ingredients-List#!?q=C&#038;ingredientName=CYCLAMEN%20ALDEHYDE\" rel=\"noopener noreferrer nofollow\" target=\"_blank\">L'ALD\u00c9HYDE DU CYCLAMEN,\u00a0<\/a><a href=\"http:\/\/community.marykayintouch.ca\/pages\/Product-Information\/Ingredients-List#!?q=P&#038;ingredientName=PROPYL%20GALLATE\" rel=\"noopener noreferrer nofollow\" target=\"_blank\">LE GALLATE DE PROPYLE,\u00a0<\/a><a href=\"http:\/\/community.marykayintouch.ca\/pages\/Product-Information\/Ingredients-List#!?q=T&#038;ingredientName=TITANIUM%20DIOXIDE\" rel=\"noopener noreferrer nofollow\" target=\"_blank\">DIOXYDE DE TITANE,\u00a0<\/a><a href=\"http:\/\/community.marykayintouch.ca\/pages\/Product-Information\/Ingredients-List#!?q=Y&#038;ingredientName=YELLOW%205\" rel=\"noopener noreferrer nofollow\" target=\"_blank\">JAUNE 5,\u00a0<\/a><a href=\"http:\/\/community.marykayintouch.ca\/pages\/Product-Information\/Ingredients-List#!?q=B&#038;ingredientName=BLUE%201\" rel=\"noopener noreferrer nofollow\" target=\"_blank\">BLEU 1,\u00a0<\/a><a href=\"http:\/\/community.marykayintouch.ca\/pages\/Product-Information\/Ingredients-List#!?q=R&#038;ingredientName=RED%2033\" rel=\"noopener noreferrer nofollow\" target=\"_blank\">ROUGE 33,\u00a0<\/a><a href=\"http:\/\/community.marykayintouch.ca\/pages\/Product-Information\/Ingredients-List#!?q=W&#038;ingredientName=WATER\/EAU\" rel=\"noopener noreferrer nofollow\" target=\"_blank\">EAU\/EAU,\u00a0<\/a><a href=\"http:\/\/community.marykayintouch.ca\/pages\/Product-Information\/Ingredients-List#!?q=E&#038;ingredientName=ETHYLHEXYL%20PALMITATE\" rel=\"noopener noreferrer nofollow\" target=\"_blank\">LE PALMITATE D'\u00c9THYLHEXYLE,\u00a0<\/a><a href=\"http:\/\/community.marykayintouch.ca\/pages\/Product-Information\/Ingredients-List#!?q=S&#038;ingredientName=STEARYL%20ALCOHOL\" rel=\"noopener noreferrer nofollow\" target=\"_blank\">L'ALCOOL ST\u00c9ARYLIQUE,\u00a0<\/a><a href=\"http:\/\/community.marykayintouch.ca\/pages\/Product-Information\/Ingredients-List#!?q=G&#038;ingredientName=GLYCERIN\" rel=\"noopener noreferrer nofollow\" target=\"_blank\">GLYC\u00c9RINE,\u00a0<\/a><a href=\"http:\/\/community.marykayintouch.ca\/pages\/Product-Information\/Ingredients-List#!?q=T&#038;ingredientName=TRIETHANOLAMINE\" rel=\"noopener noreferrer nofollow\" target=\"_blank\">TRI\u00c9THANOLAMINE,\u00a0<\/a><a href=\"http:\/\/community.marykayintouch.ca\/pages\/Product-Information\/Ingredients-List#!?q=C&#038;ingredientName=CYCLOPENTASILOXANE\" rel=\"noopener noreferrer nofollow\" target=\"_blank\">CYCLOPENTASILOXANE,\u00a0<\/a><a href=\"http:\/\/community.marykayintouch.ca\/pages\/Product-Information\/Ingredients-List#!?q=P&#038;ingredientName=POLYSORBATE%2060\" rel=\"noopener noreferrer nofollow\" target=\"_blank\">POLYSORBATE 60,\u00a0<\/a><a href=\"http:\/\/community.marykayintouch.ca\/pages\/Product-Information\/Ingredients-List#!?q=P&#038;ingredientName=PROPYLENE%20GLYCOL\" rel=\"noopener noreferrer nofollow\" target=\"_blank\">PROPYL\u00c8NE GLYCOL,\u00a0<\/a><a href=\"http:\/\/community.marykayintouch.ca\/pages\/Product-Information\/Ingredients-List#!?q=G&#038;ingredientName=GLYCERYL%20STEARATE\" rel=\"noopener noreferrer nofollow\" target=\"_blank\">ST\u00c9ARATE DE GLYC\u00c9RYLE,\u00a0<\/a><a href=\"http:\/\/community.marykayintouch.ca\/pages\/Product-Information\/Ingredients-List#!?q=D&#038;ingredientName=DIMETHICONE\/VINYL%20DIMETHICONE%20CROSSPOLYMER\" rel=\"noopener noreferrer nofollow\" target=\"_blank\">DIM\u00c9THICONE\/VINYL DIM\u00c9THICONE CROSSPOLYMER,\u00a0<\/a><a href=\"http:\/\/community.marykayintouch.ca\/pages\/Product-Information\/Ingredients-List#!?q=R&#038;ingredientName=RETINYL%20PALMITATE\" rel=\"noopener noreferrer nofollow\" target=\"_blank\">LE PALMITATE DE R\u00c9TINYLE,\u00a0<\/a><a href=\"http:\/\/community.marykayintouch.ca\/pages\/Product-Information\/Ingredients-List#!?q=B&#038;ingredientName=BUTYL%20AVOCADATE\" rel=\"noopener noreferrer nofollow\" target=\"_blank\">L'AVOCADATE DE BUTYLE,\u00a0<\/a><a href=\"http:\/\/community.marykayintouch.ca\/pages\/Product-Information\/Ingredients-List#!?q=S&#038;ingredientName=STEARETH-20\" rel=\"noopener noreferrer nofollow\" target=\"_blank\">STEARETH-20,\u00a0<\/a><a href=\"http:\/\/community.marykayintouch.ca\/pages\/Product-Information\/Ingredients-List#!?q=E&#038;ingredientName=ETHYLENE\/ACRYLIC%20ACID%20COPOLYMER\" rel=\"noopener noreferrer nofollow\" target=\"_blank\">COPOLYM\u00c8RE D'\u00c9THYL\u00c8NE ET D'ACIDE ACRYLIQUE,\u00a0<\/a><a href=\"http:\/\/community.marykayintouch.ca\/pages\/Product-Information\/Ingredients-List#!?q=P&#038;ingredientName=POLYACRYLATE-%2013\" rel=\"noopener noreferrer nofollow\" target=\"_blank\">POLYACRYLATE- 13,\u00a0<\/a><a href=\"http:\/\/community.marykayintouch.ca\/pages\/Product-Information\/Ingredients-List#!?q=S&#038;ingredientName=SUCROSE%20DISTEARATE\" rel=\"noopener noreferrer nofollow\" target=\"_blank\">LE DIST\u00c9ARATE DE SACCHAROSE,\u00a0<\/a><a href=\"http:\/\/community.marykayintouch.ca\/pages\/Product-Information\/Ingredients-List#!?q=C&#038;ingredientName=CETEARYL%20ALCOHOL\" rel=\"noopener noreferrer nofollow\" target=\"_blank\">ALCOOL C\u00c9T\u00c9ARYLIQUE,\u00a0<\/a><a href=\"http:\/\/community.marykayintouch.ca\/pages\/Product-Information\/Ingredients-List#!?q=D&#038;ingredientName=DIMETHICONE%20CROSSPOLYMER\" rel=\"noopener noreferrer nofollow\" target=\"_blank\">DIM\u00c9THICONE CROSSPOLYMER,\u00a0<\/a><a href=\"http:\/\/community.marykayintouch.ca\/pages\/Product-Information\/Ingredients-List#!?q=S&#038;ingredientName=SUCROSE%20STEARATE\" rel=\"noopener noreferrer nofollow\" target=\"_blank\">ST\u00c9ARATE DE SACCHAROSE,\u00a0<\/a><a href=\"http:\/\/community.marykayintouch.ca\/pages\/Product-Information\/Ingredients-List#!?q=P&#038;ingredientName=POLYISOBUTENE\" rel=\"noopener noreferrer nofollow\" target=\"_blank\">POLYISOBUTENE,\u00a0<\/a><a href=\"http:\/\/community.marykayintouch.ca\/pages\/Product-Information\/Ingredients-List#!?q=C&#038;ingredientName=CITRIC%20ACID\" rel=\"noopener noreferrer nofollow\" target=\"_blank\">ACIDE CITRIQUE,\u00a0<\/a><a href=\"http:\/\/community.marykayintouch.ca\/pages\/Product-Information\/Ingredients-List#!?q=A&#038;ingredientName=ARCTIUM%20LAPPA%20ROOT%20EXTRACT\" rel=\"noopener noreferrer nofollow\" target=\"_blank\">EXTRAIT DE RACINE D'ARCTIUM LAPPA,\u00a0<\/a><a href=\"http:\/\/community.marykayintouch.ca\/pages\/Product-Information\/Ingredients-List#!?q=M&#038;ingredientName=METHYLDIHYDROJASMONATE\" rel=\"noopener noreferrer nofollow\" target=\"_blank\">M\u00c9THYLDIHYDROJASMONATE,\u00a0<\/a><a href=\"http:\/\/community.marykayintouch.ca\/pages\/Product-Information\/Ingredients-List#!?q=E&#038;ingredientName=EPILOBIUM%20ANGUSTIFOLIUM%20FLOWER\/LEAF\/STEM%20EXTRACT\" rel=\"noopener noreferrer nofollow\" target=\"_blank\">EXTRAIT DE FLEUR\/FEUILLE\/TIGE D'EPILOBIUM ANGUSTIFOLIUM,\u00a0<\/a><a href=\"http:\/\/community.marykayintouch.ca\/pages\/Product-Information\/Ingredients-List#!?q=C&#038;ingredientName=C12-14%20PARETH-12\" rel=\"noopener noreferrer nofollow\" target=\"_blank\">C12-14 PARETH-12,\u00a0<\/a><a href=\"http:\/\/community.marykayintouch.ca\/pages\/Product-Information\/Ingredients-List#!?q=P&#038;ingredientName=POLYSORBATE%2020\" rel=\"noopener noreferrer nofollow\" target=\"_blank\">POLYSORBATE 20,\u00a0<\/a><a href=\"http:\/\/community.marykayintouch.ca\/pages\/Product-Information\/Ingredients-List#!?q=C&#038;ingredientName=CYCLOHEXASILOXANE\" rel=\"noopener noreferrer nofollow\" target=\"_blank\">CYCLOHEXASILOXANE,\u00a0<\/a><a href=\"http:\/\/community.marykayintouch.ca\/pages\/Product-Information\/Ingredients-List#!?q=E&#038;ingredientName=ETHYLENE%20BRASSYLATE\" rel=\"noopener noreferrer nofollow\" target=\"_blank\">LE BRASSYLATE D'\u00c9THYL\u00c8NE,\u00a0<\/a><a href=\"http:\/\/community.marykayintouch.ca\/pages\/Product-Information\/Ingredients-List#!?q=E&#038;ingredientName=ETHYL%20LINALOOL\" rel=\"noopener noreferrer nofollow\" target=\"_blank\">LINALOL \u00c9THYLIQUE,\u00a0<\/a><a href=\"http:\/\/community.marykayintouch.ca\/pages\/Product-Information\/Ingredients-List#!?q=P&#038;ingredientName=PEG-100%20STEARATE\" rel=\"noopener noreferrer nofollow\" target=\"_blank\">ST\u00c9ARATE DE PEG-100,\u00a0<\/a><a href=\"http:\/\/community.marykayintouch.ca\/pages\/Product-Information\/Ingredients-List#!?q=D&#038;ingredientName=DISODIUM%20EDTA\" rel=\"noopener noreferrer nofollow\" target=\"_blank\">DISODIUM EDTA<\/a><\/li>\n<\/ul>\n<p><\/p>\n<p><\/p>","protected":false},"excerpt":{"rendered":"<p>Dries and helps clear up acne pimples and allows skin to heal. Botanically-based formula contains 2% salicylic acid. Absorbs quickly. Leaves no residue. Suitable for sensitive skin. Oil- and fragrance-free. Non-comedogenic. Application Tips After using Clarifying Cleanser for Acne-Prone Skin and Pore-Purifying Lotion for Acne-Prone Skin, apply Spot Solution for Acne-Prone Skin topically once daily [&hellip;]<\/p>\n","protected":false},"featured_media":0,"comment_status":"open","ping_status":"closed","template":"","meta":{"site-sidebar-layout":"default","site-content-layout":"","ast-site-content-layout":"default","site-content-style":"default","site-sidebar-style":"default","ast-global-header-display":"","ast-banner-title-visibility":"","ast-main-header-display":"","ast-hfb-above-header-display":"","ast-hfb-below-header-display":"","ast-hfb-mobile-header-display":"","site-post-title":"","ast-breadcrumbs-content":"","ast-featured-img":"","footer-sml-layout":"","ast-disable-related-posts":"","theme-transparent-header-meta":"","adv-header-id-meta":"","stick-header-meta":"","header-above-stick-meta":"","header-main-stick-meta":"","header-below-stick-meta":"","astra-migrate-meta-layouts":"default","ast-page-background-enabled":"default","ast-page-background-meta":{"desktop":{"background-color":"var(--ast-global-color-4)","background-image":"","background-repeat":"repeat","background-position":"center center","background-size":"auto","background-attachment":"scroll","background-type":"","background-media":"","overlay-type":"","overlay-color":"","overlay-opacity":"","overlay-gradient":""},"tablet":{"background-color":"","background-image":"","background-repeat":"repeat","background-position":"center center","background-size":"auto","background-attachment":"scroll","background-type":"","background-media":"","overlay-type":"","overlay-color":"","overlay-opacity":"","overlay-gradient":""},"mobile":{"background-color":"","background-image":"","background-repeat":"repeat","background-position":"center center","background-size":"auto","background-attachment":"scroll","background-type":"","background-media":"","overlay-type":"","overlay-color":"","overlay-opacity":"","overlay-gradient":""}},"ast-content-background-meta":{"desktop":{"background-color":"var(--ast-global-color-5)","background-image":"","background-repeat":"repeat","background-position":"center center","background-size":"auto","background-attachment":"scroll","background-type":"","background-media":"","overlay-type":"","overlay-color":"","overlay-opacity":"","overlay-gradient":""},"tablet":{"background-color":"var(--ast-global-color-5)","background-image":"","background-repeat":"repeat","background-position":"center center","background-size":"auto","background-attachment":"scroll","background-type":"","background-media":"","overlay-type":"","overlay-color":"","overlay-opacity":"","overlay-gradient":""},"mobile":{"background-color":"var(--ast-global-color-5)","background-image":"","background-repeat":"repeat","background-position":"center center","background-size":"auto","background-attachment":"scroll","background-type":"","background-media":"","overlay-type":"","overlay-color":"","overlay-opacity":"","overlay-gradient":""}}},"product_brand":[],"product_cat":[],"product_tag":[],"class_list":{"0":"post-17052","1":"product","2":"type-product","3":"status-publish","5":"desktop-align-left","6":"tablet-align-left","7":"mobile-align-left","8":"ast-product-gallery-layout-horizontal-slider","9":"ast-product-gallery-with-no-image","10":"ast-magnify-disabled","11":"ast-product-tabs-layout-accordion","13":"first","14":"instock","15":"taxable","16":"shipping-taxable","17":"product-type-simple"},"bundled_by":[],"bundle_stock_status":"instock","bundle_stock_quantity":null,"bundle_virtual":false,"bundle_layout":"","bundle_add_to_cart_form_location":"","bundle_editable_in_cart":false,"bundle_sold_individually_context":"","bundle_item_grouping":"","bundle_min_size":"","bundle_max_size":"","bundle_price":[],"bundled_items":[],"bundle_sell_ids":[],"_links":{"self":[{"href":"https:\/\/www.rosyhf.com\/fr\/wp-json\/wp\/v2\/product\/17052","targetHints":{"allow":["GET"]}}],"collection":[{"href":"https:\/\/www.rosyhf.com\/fr\/wp-json\/wp\/v2\/product"}],"about":[{"href":"https:\/\/www.rosyhf.com\/fr\/wp-json\/wp\/v2\/types\/product"}],"replies":[{"embeddable":true,"href":"https:\/\/www.rosyhf.com\/fr\/wp-json\/wp\/v2\/comments?post=17052"}],"version-history":[{"count":0,"href":"https:\/\/www.rosyhf.com\/fr\/wp-json\/wp\/v2\/product\/17052\/revisions"}],"wp:attachment":[{"href":"https:\/\/www.rosyhf.com\/fr\/wp-json\/wp\/v2\/media?parent=17052"}],"wp:term":[{"taxonomy":"product_brand","embeddable":true,"href":"https:\/\/www.rosyhf.com\/fr\/wp-json\/wp\/v2\/product_brand?post=17052"},{"taxonomy":"product_cat","embeddable":true,"href":"https:\/\/www.rosyhf.com\/fr\/wp-json\/wp\/v2\/product_cat?post=17052"},{"taxonomy":"product_tag","embeddable":true,"href":"https:\/\/www.rosyhf.com\/fr\/wp-json\/wp\/v2\/product_tag?post=17052"}],"curies":[{"name":"wp","href":"https:\/\/api.w.org\/{rel}","templated":true}]}}