{"id":1686,"date":"2023-09-10T18:40:36","date_gmt":"2023-09-10T23:40:36","guid":{"rendered":"https:\/\/rosyhf.com\/product\/superbklean-magnetic-sanitary-napkin-night-use\/"},"modified":"2026-04-24T12:20:06","modified_gmt":"2026-04-24T17:20:06","slug":"serviette-hygienique-magnetique-superbklean-usage-nocturne","status":"publish","type":"product","link":"https:\/\/www.rosyhf.com\/fr\/product\/superbklean-magnetic-sanitary-napkin-night-use\/","title":{"rendered":"Serviette hygi\u00e9nique magn\u00e9tique Superbklean (usage nocturne) - d\u00e9bit \u00e9lev\u00e9"},"content":{"rendered":"<p>Pour une utilisation nocturne ou un flux important<\/p>\n<p>La bo\u00eete contient 18 paquets de 8 serviettes hygi\u00e9niques de nuit.<\/p>\n<p>\u25ba Soulage les douleurs menstruelles <\/p>\n<p>\u25ba Antibact\u00e9rien <\/p>\n<p>\u25baAm\u00e9liore la fonction endocrinienne <\/p>\n<p>\u25ba Volets lat\u00e9raux (sans fuite) <\/p>\n<p>\u25ba Sans odeur <\/p>\n<p>\u25ba Tr\u00e8s absorbant <\/p>\n<p>\u25ba 100% coton <\/p>\n<p>\u25ba Bandes d'anions <\/p>\n<p>\u25ba Pr\u00e9vient les d\u00e9mangeaisons\/les furoncles apr\u00e8s les r\u00e8gles<\/p>","protected":false},"excerpt":{"rendered":"<p>For night use or heavy flow The box contains 18 packs of 8 overnight sanitary pads \u25baRelieves menstrual pain \u25baAntibacterial \u25baImproves endocrine function \u25ba Side flaps (Leak free) \u25ba Odour free \u25ba Very absorbent \u25ba 100% cotton \u25ba Anion Strips \u25ba Prevents itching\/boils after period<\/p>","protected":false},"featured_media":2722,"comment_status":"open","ping_status":"closed","template":"","meta":{"site-sidebar-layout":"default","site-content-layout":"","ast-site-content-layout":"default","site-content-style":"default","site-sidebar-style":"default","ast-global-header-display":"","ast-banner-title-visibility":"","ast-main-header-display":"","ast-hfb-above-header-display":"","ast-hfb-below-header-display":"","ast-hfb-mobile-header-display":"","site-post-title":"","ast-breadcrumbs-content":"","ast-featured-img":"","footer-sml-layout":"","ast-disable-related-posts":"","theme-transparent-header-meta":"default","adv-header-id-meta":"","stick-header-meta":"default","header-above-stick-meta":"","header-main-stick-meta":"","header-below-stick-meta":"","astra-migrate-meta-layouts":"set","ast-page-background-enabled":"default","ast-page-background-meta":{"desktop":{"background-color":"var(--ast-global-color-4)","background-image":"","background-repeat":"repeat","background-position":"center center","background-size":"auto","background-attachment":"scroll","background-type":"","background-media":"","overlay-type":"","overlay-color":"","overlay-opacity":"","overlay-gradient":""},"tablet":{"background-color":"","background-image":"","background-repeat":"repeat","background-position":"center center","background-size":"auto","background-attachment":"scroll","background-type":"","background-media":"","overlay-type":"","overlay-color":"","overlay-opacity":"","overlay-gradient":""},"mobile":{"background-color":"","background-image":"","background-repeat":"repeat","background-position":"center center","background-size":"auto","background-attachment":"scroll","background-type":"","background-media":"","overlay-type":"","overlay-color":"","overlay-opacity":"","overlay-gradient":""}},"ast-content-background-meta":{"desktop":{"background-color":"var(--ast-global-color-5)","background-image":"","background-repeat":"repeat","background-position":"center center","background-size":"auto","background-attachment":"scroll","background-type":"","background-media":"","overlay-type":"","overlay-color":"","overlay-opacity":"","overlay-gradient":""},"tablet":{"background-color":"var(--ast-global-color-5)","background-image":"","background-repeat":"repeat","background-position":"center center","background-size":"auto","background-attachment":"scroll","background-type":"","background-media":"","overlay-type":"","overlay-color":"","overlay-opacity":"","overlay-gradient":""},"mobile":{"background-color":"var(--ast-global-color-5)","background-image":"","background-repeat":"repeat","background-position":"center center","background-size":"auto","background-attachment":"scroll","background-type":"","background-media":"","overlay-type":"","overlay-color":"","overlay-opacity":"","overlay-gradient":""}}},"product_brand":[],"product_cat":[90],"product_tag":[125],"class_list":{"0":"post-1686","1":"product","2":"type-product","3":"status-publish","4":"has-post-thumbnail","6":"product_cat-longrich-sanitary-napkins","7":"product_tag-hygiene-products","8":"desktop-align-left","9":"tablet-align-left","10":"mobile-align-left","11":"ast-product-gallery-layout-horizontal-slider","12":"ast-magnify-disabled","13":"ast-product-tabs-layout-accordion","15":"first","16":"instock","17":"featured","18":"taxable","19":"shipping-taxable","20":"purchasable","21":"product-type-simple"},"bundled_by":[],"bundle_stock_status":"instock","bundle_stock_quantity":21,"bundle_virtual":false,"bundle_layout":"","bundle_add_to_cart_form_location":"","bundle_editable_in_cart":false,"bundle_sold_individually_context":"","bundle_item_grouping":"","bundle_min_size":"","bundle_max_size":"","bundle_price":[],"bundled_items":[],"bundle_sell_ids":[],"_links":{"self":[{"href":"https:\/\/www.rosyhf.com\/fr\/wp-json\/wp\/v2\/product\/1686","targetHints":{"allow":["GET"]}}],"collection":[{"href":"https:\/\/www.rosyhf.com\/fr\/wp-json\/wp\/v2\/product"}],"about":[{"href":"https:\/\/www.rosyhf.com\/fr\/wp-json\/wp\/v2\/types\/product"}],"replies":[{"embeddable":true,"href":"https:\/\/www.rosyhf.com\/fr\/wp-json\/wp\/v2\/comments?post=1686"}],"version-history":[{"count":3,"href":"https:\/\/www.rosyhf.com\/fr\/wp-json\/wp\/v2\/product\/1686\/revisions"}],"predecessor-version":[{"id":2721,"href":"https:\/\/www.rosyhf.com\/fr\/wp-json\/wp\/v2\/product\/1686\/revisions\/2721"}],"wp:featuredmedia":[{"embeddable":true,"href":"https:\/\/www.rosyhf.com\/fr\/wp-json\/wp\/v2\/media\/2722"}],"wp:attachment":[{"href":"https:\/\/www.rosyhf.com\/fr\/wp-json\/wp\/v2\/media?parent=1686"}],"wp:term":[{"taxonomy":"product_brand","embeddable":true,"href":"https:\/\/www.rosyhf.com\/fr\/wp-json\/wp\/v2\/product_brand?post=1686"},{"taxonomy":"product_cat","embeddable":true,"href":"https:\/\/www.rosyhf.com\/fr\/wp-json\/wp\/v2\/product_cat?post=1686"},{"taxonomy":"product_tag","embeddable":true,"href":"https:\/\/www.rosyhf.com\/fr\/wp-json\/wp\/v2\/product_tag?post=1686"}],"curies":[{"name":"wp","href":"https:\/\/api.w.org\/{rel}","templated":true}]}}