{"id":1685,"date":"2023-09-10T18:40:36","date_gmt":"2023-09-10T23:40:36","guid":{"rendered":"https:\/\/rosyhf.com\/product\/superbklean-magnetic-sanitary-napkin-english-4-in-1\/"},"modified":"2026-05-02T14:44:40","modified_gmt":"2026-05-02T19:44:40","slug":"superbklean-serviette-hygienique-magnetique-anglais-4-en-1","status":"publish","type":"product","link":"https:\/\/www.rosyhf.com\/fr\/product\/superbklean-magnetic-sanitary-napkin-english-4-in-1\/","title":{"rendered":"Serviette hygi\u00e9nique magn\u00e9tique Superbklean 4 en 1-Combo"},"content":{"rendered":"<p><\/p>\n<p>La bo\u00eete contient 19 paquets au total : 7 paquets de 10 serviettes hygi\u00e9niques de jour, 4 paquets de 8 serviettes hygi\u00e9niques de nuit, 2 paquets de 18 mini serviettes hygi\u00e9niques et 6 paquets de 30 prot\u00e8ge-slips.<\/p>\n<p><\/p>\n<p>\u25ba Soulage les douleurs menstruelles<\/p>\n<p>\u25ba Antibact\u00e9rien<\/p>\n<p>\u25baAm\u00e9liore la fonction endocrinienne<\/p>\n<p>\u25ba Volets lat\u00e9raux (sans fuite)<\/p>\n<p>\u25ba Sans odeur<\/p>\n<p>\u25ba Tr\u00e8s absorbant<\/p>\n<p>\u25ba 100% coton<\/p>\n<p>\u25ba Bandes d'anions<\/p>\n<p>\u25ba Pr\u00e9vient les d\u00e9mangeaisons\/les furoncles apr\u00e8s les r\u00e8gles<\/p>","protected":false},"excerpt":{"rendered":"<p>The box contains 19 packs in total: 7 packs of 10 daytime use sanitary pads, 4 packs of 8 overnight sanitary pads, 2 packs of 18 mini sanitary pads and 6 packs of 30 panty liners. \u25baRelieves menstrual pain \u25baAntibacterial \u25baImproves endocrine function \u25ba Side flaps (Leak free) \u25ba Odour free \u25ba Very absorbent \u25ba [&hellip;]<\/p>\n","protected":false},"featured_media":2427,"comment_status":"open","ping_status":"closed","template":"","meta":{"site-sidebar-layout":"default","site-content-layout":"","ast-site-content-layout":"default","site-content-style":"default","site-sidebar-style":"default","ast-global-header-display":"","ast-banner-title-visibility":"","ast-main-header-display":"","ast-hfb-above-header-display":"","ast-hfb-below-header-display":"","ast-hfb-mobile-header-display":"","site-post-title":"","ast-breadcrumbs-content":"","ast-featured-img":"","footer-sml-layout":"","ast-disable-related-posts":"","theme-transparent-header-meta":"default","adv-header-id-meta":"","stick-header-meta":"default","header-above-stick-meta":"","header-main-stick-meta":"","header-below-stick-meta":"","astra-migrate-meta-layouts":"set","ast-page-background-enabled":"default","ast-page-background-meta":{"desktop":{"background-color":"var(--ast-global-color-4)","background-image":"","background-repeat":"repeat","background-position":"center center","background-size":"auto","background-attachment":"scroll","background-type":"","background-media":"","overlay-type":"","overlay-color":"","overlay-opacity":"","overlay-gradient":""},"tablet":{"background-color":"","background-image":"","background-repeat":"repeat","background-position":"center center","background-size":"auto","background-attachment":"scroll","background-type":"","background-media":"","overlay-type":"","overlay-color":"","overlay-opacity":"","overlay-gradient":""},"mobile":{"background-color":"","background-image":"","background-repeat":"repeat","background-position":"center center","background-size":"auto","background-attachment":"scroll","background-type":"","background-media":"","overlay-type":"","overlay-color":"","overlay-opacity":"","overlay-gradient":""}},"ast-content-background-meta":{"desktop":{"background-color":"var(--ast-global-color-5)","background-image":"","background-repeat":"repeat","background-position":"center center","background-size":"auto","background-attachment":"scroll","background-type":"","background-media":"","overlay-type":"","overlay-color":"","overlay-opacity":"","overlay-gradient":""},"tablet":{"background-color":"var(--ast-global-color-5)","background-image":"","background-repeat":"repeat","background-position":"center center","background-size":"auto","background-attachment":"scroll","background-type":"","background-media":"","overlay-type":"","overlay-color":"","overlay-opacity":"","overlay-gradient":""},"mobile":{"background-color":"var(--ast-global-color-5)","background-image":"","background-repeat":"repeat","background-position":"center center","background-size":"auto","background-attachment":"scroll","background-type":"","background-media":"","overlay-type":"","overlay-color":"","overlay-opacity":"","overlay-gradient":""}}},"product_brand":[],"product_cat":[90],"product_tag":[125],"class_list":{"0":"post-1685","1":"product","2":"type-product","3":"status-publish","4":"has-post-thumbnail","6":"product_cat-longrich-sanitary-napkins","7":"product_tag-hygiene-products","8":"desktop-align-left","9":"tablet-align-left","10":"mobile-align-left","11":"ast-product-gallery-layout-horizontal-slider","12":"ast-magnify-disabled","13":"ast-product-tabs-layout-accordion","15":"first","16":"instock","17":"featured","18":"taxable","19":"shipping-taxable","20":"purchasable","21":"product-type-simple"},"bundled_by":[],"bundle_stock_status":"instock","bundle_stock_quantity":29,"bundle_virtual":false,"bundle_layout":"","bundle_add_to_cart_form_location":"","bundle_editable_in_cart":false,"bundle_sold_individually_context":"","bundle_item_grouping":"","bundle_min_size":"","bundle_max_size":"","bundle_price":[],"bundled_items":[],"bundle_sell_ids":[],"_links":{"self":[{"href":"https:\/\/www.rosyhf.com\/fr\/wp-json\/wp\/v2\/product\/1685","targetHints":{"allow":["GET"]}}],"collection":[{"href":"https:\/\/www.rosyhf.com\/fr\/wp-json\/wp\/v2\/product"}],"about":[{"href":"https:\/\/www.rosyhf.com\/fr\/wp-json\/wp\/v2\/types\/product"}],"replies":[{"embeddable":true,"href":"https:\/\/www.rosyhf.com\/fr\/wp-json\/wp\/v2\/comments?post=1685"}],"version-history":[{"count":3,"href":"https:\/\/www.rosyhf.com\/fr\/wp-json\/wp\/v2\/product\/1685\/revisions"}],"predecessor-version":[{"id":3557,"href":"https:\/\/www.rosyhf.com\/fr\/wp-json\/wp\/v2\/product\/1685\/revisions\/3557"}],"wp:featuredmedia":[{"embeddable":true,"href":"https:\/\/www.rosyhf.com\/fr\/wp-json\/wp\/v2\/media\/2427"}],"wp:attachment":[{"href":"https:\/\/www.rosyhf.com\/fr\/wp-json\/wp\/v2\/media?parent=1685"}],"wp:term":[{"taxonomy":"product_brand","embeddable":true,"href":"https:\/\/www.rosyhf.com\/fr\/wp-json\/wp\/v2\/product_brand?post=1685"},{"taxonomy":"product_cat","embeddable":true,"href":"https:\/\/www.rosyhf.com\/fr\/wp-json\/wp\/v2\/product_cat?post=1685"},{"taxonomy":"product_tag","embeddable":true,"href":"https:\/\/www.rosyhf.com\/fr\/wp-json\/wp\/v2\/product_tag?post=1685"}],"curies":[{"name":"wp","href":"https:\/\/api.w.org\/{rel}","templated":true}]}}