{"id":1684,"date":"2023-09-10T18:40:36","date_gmt":"2023-09-10T23:40:36","guid":{"rendered":"https:\/\/rosyhf.com\/product\/snake-oil-treatment-serum-no-1\/"},"modified":"2026-04-12T02:10:41","modified_gmt":"2026-04-12T07:10:41","slug":"serum-de-traitement-a-lhuile-de-serpent-n-1","status":"publish","type":"product","link":"https:\/\/www.rosyhf.com\/fr\/product\/snake-oil-treatment-serum-no-1\/","title":{"rendered":"S\u00e9rum de traitement \u00e0 l'huile de serpent No.1"},"content":{"rendered":"<p>\u25baCan reduce inflammation and relieve pains<\/p>\n<p><\/p>\n<p>\u25ba Acc\u00e9l\u00e8re la cicatrisation des plaies<\/p>\n<p><\/p>\n<p>\u25baGlows, moisturizes skin and evens skin tone<\/p>\n<p><\/p>\n<p>\u25ba Peut faire dispara\u00eetre les cicatrices et les vergetures<\/p>\n<p><\/p>\n<p>\u25baAnti-dandruff, moisturizes and clears dry and itchy scalp<\/p>\n<p><\/p>\n<p>\u25baRepousse et r\u00e9pare les cheveux ab\u00eem\u00e9s<\/p>","protected":false},"excerpt":{"rendered":"<p>D\u00e9couvrez notre s\u00e9rum de traitement \u00e0 l'huile de serpent n\u00b0 1 : R\u00e9duit l'inflammation et soulage la douleur. Acc\u00e9l\u00e8re la cicatrisation des plaies, \u00e9claircit le teint et hydrate la peau, r\u00e9duisant les cicatrices et les vergetures. Solution antipelliculaire, pour un cuir chevelu hydrat\u00e9 et apais\u00e9, stimulant \u00e9galement la croissance et la r\u00e9paration des cheveux. Essayez d\u00e8s maintenant notre s\u00e9rum polyvalent, pour une peau radieuse et des cheveux revitalis\u00e9s. Transformez votre routine de soins avec notre s\u00e9rum Snake Oil No.1 !<\/p>","protected":false},"featured_media":2421,"comment_status":"open","ping_status":"closed","template":"","meta":{"site-sidebar-layout":"default","site-content-layout":"","ast-site-content-layout":"default","site-content-style":"default","site-sidebar-style":"default","ast-global-header-display":"","ast-banner-title-visibility":"","ast-main-header-display":"","ast-hfb-above-header-display":"","ast-hfb-below-header-display":"","ast-hfb-mobile-header-display":"","site-post-title":"","ast-breadcrumbs-content":"","ast-featured-img":"","footer-sml-layout":"","ast-disable-related-posts":"","theme-transparent-header-meta":"default","adv-header-id-meta":"","stick-header-meta":"default","header-above-stick-meta":"","header-main-stick-meta":"","header-below-stick-meta":"","astra-migrate-meta-layouts":"set","ast-page-background-enabled":"default","ast-page-background-meta":{"desktop":{"background-color":"var(--ast-global-color-4)","background-image":"","background-repeat":"repeat","background-position":"center center","background-size":"auto","background-attachment":"scroll","background-type":"","background-media":"","overlay-type":"","overlay-color":"","overlay-opacity":"","overlay-gradient":""},"tablet":{"background-color":"","background-image":"","background-repeat":"repeat","background-position":"center center","background-size":"auto","background-attachment":"scroll","background-type":"","background-media":"","overlay-type":"","overlay-color":"","overlay-opacity":"","overlay-gradient":""},"mobile":{"background-color":"","background-image":"","background-repeat":"repeat","background-position":"center center","background-size":"auto","background-attachment":"scroll","background-type":"","background-media":"","overlay-type":"","overlay-color":"","overlay-opacity":"","overlay-gradient":""}},"ast-content-background-meta":{"desktop":{"background-color":"var(--ast-global-color-5)","background-image":"","background-repeat":"repeat","background-position":"center center","background-size":"auto","background-attachment":"scroll","background-type":"","background-media":"","overlay-type":"","overlay-color":"","overlay-opacity":"","overlay-gradient":""},"tablet":{"background-color":"var(--ast-global-color-5)","background-image":"","background-repeat":"repeat","background-position":"center center","background-size":"auto","background-attachment":"scroll","background-type":"","background-media":"","overlay-type":"","overlay-color":"","overlay-opacity":"","overlay-gradient":""},"mobile":{"background-color":"var(--ast-global-color-5)","background-image":"","background-repeat":"repeat","background-position":"center center","background-size":"auto","background-attachment":"scroll","background-type":"","background-media":"","overlay-type":"","overlay-color":"","overlay-opacity":"","overlay-gradient":""}}},"product_brand":[],"product_cat":[89],"product_tag":[55],"class_list":{"0":"post-1684","1":"product","2":"type-product","3":"status-publish","4":"has-post-thumbnail","6":"product_cat-longrich-daily-products","7":"product_tag-skin-care","8":"desktop-align-left","9":"tablet-align-left","10":"mobile-align-left","11":"ast-product-gallery-layout-horizontal-slider","12":"ast-magnify-disabled","13":"ast-product-tabs-layout-accordion","15":"first","16":"instock","17":"featured","18":"taxable","19":"shipping-taxable","20":"purchasable","21":"product-type-simple"},"bundled_by":["5903"],"bundle_stock_status":"instock","bundle_stock_quantity":15,"bundle_virtual":false,"bundle_layout":"","bundle_add_to_cart_form_location":"","bundle_editable_in_cart":false,"bundle_sold_individually_context":"","bundle_item_grouping":"","bundle_min_size":"","bundle_max_size":"","bundle_price":[],"bundled_items":[],"bundle_sell_ids":[],"_links":{"self":[{"href":"https:\/\/www.rosyhf.com\/fr\/wp-json\/wp\/v2\/product\/1684","targetHints":{"allow":["GET"]}}],"collection":[{"href":"https:\/\/www.rosyhf.com\/fr\/wp-json\/wp\/v2\/product"}],"about":[{"href":"https:\/\/www.rosyhf.com\/fr\/wp-json\/wp\/v2\/types\/product"}],"replies":[{"embeddable":true,"href":"https:\/\/www.rosyhf.com\/fr\/wp-json\/wp\/v2\/comments?post=1684"}],"version-history":[{"count":4,"href":"https:\/\/www.rosyhf.com\/fr\/wp-json\/wp\/v2\/product\/1684\/revisions"}],"predecessor-version":[{"id":18210,"href":"https:\/\/www.rosyhf.com\/fr\/wp-json\/wp\/v2\/product\/1684\/revisions\/18210"}],"wp:featuredmedia":[{"embeddable":true,"href":"https:\/\/www.rosyhf.com\/fr\/wp-json\/wp\/v2\/media\/2421"}],"wp:attachment":[{"href":"https:\/\/www.rosyhf.com\/fr\/wp-json\/wp\/v2\/media?parent=1684"}],"wp:term":[{"taxonomy":"product_brand","embeddable":true,"href":"https:\/\/www.rosyhf.com\/fr\/wp-json\/wp\/v2\/product_brand?post=1684"},{"taxonomy":"product_cat","embeddable":true,"href":"https:\/\/www.rosyhf.com\/fr\/wp-json\/wp\/v2\/product_cat?post=1684"},{"taxonomy":"product_tag","embeddable":true,"href":"https:\/\/www.rosyhf.com\/fr\/wp-json\/wp\/v2\/product_tag?post=1684"}],"curies":[{"name":"wp","href":"https:\/\/api.w.org\/{rel}","templated":true}]}}