{"id":1683,"date":"2023-09-10T18:40:36","date_gmt":"2023-09-10T23:40:36","guid":{"rendered":"https:\/\/rosyhf.com\/product\/sheep-placenta-sod-milk\/"},"modified":"2026-05-02T04:50:44","modified_gmt":"2026-05-02T09:50:44","slug":"placenta-de-brebis-lait-maternel","status":"publish","type":"product","link":"https:\/\/www.rosyhf.com\/fr\/product\/sheep-placenta-sod-milk\/","title":{"rendered":"Lait de corps \u00e0 base de SOD"},"content":{"rendered":"<p>Type : LAIT CORPOREL AVEC DES CELLULES SOUCHES DE SANG ET DE PLACENTA DE BREBIS<\/p>\n<p><\/p>\n<p>Ingr\u00e9dients : Superoxyde dismutase (SOD), glyc\u00e9rine v\u00e9g\u00e9tale, eau, ac\u00e9tate de tocoph\u00e9rol (vitamine E), cellules souches de placenta de mouton.<\/p>\n<p><\/p>\n<p>Contenu net : 200g<\/p>\n<p>Utilisation : Corps externe et visage (hommes, femmes et nourrissons)<\/p>\n<p><\/p>\n<p>Fonction : Tous les types de peau, prot\u00e8ge, r\u00e9pare et nourrit, r\u00e9gule les lipides, pr\u00e9vient le vieillissement cutan\u00e9, \u00e9limine les rugosit\u00e9s et les rides, rend la peau lisse, douce, blanche et belle, revitalise, rajeunit, d\u00e9tend, les irritations cutan\u00e9es chez les femmes et les enfants. adultes et enfants, sans effets ind\u00e9sirables<\/p>\n<p><\/p>\n<p>Garantie : 36 mois<\/p>\n<p><\/p>\n<p>Ar\u00f4me : neutre et naturel<\/p>\n<p><\/p>\n<p>-La glyc\u00e9rine v\u00e9g\u00e9tale convient au traitement de la dermatite atopique.<\/p>\n<p>-La SOD est riche en antioxydants, 35 000 de plus que la vitamine C, elle pr\u00e9vient donc le stress oxydatif et le rancissement, combat les radicaux libres et ralentit le vieillissement, favorisant ainsi la r\u00e9g\u00e9n\u00e9ration cellulaire,<\/p>\n<p>-La SOD prot\u00e8ge la peau contre les irritations et les rayons du soleil.<\/p>\n<p>-Aide \u00e0 \u00e9liminer les imperfections, \u00e0 hydrater la peau et \u00e0 augmenter sa souplesse et son \u00e9lasticit\u00e9.<\/p>\n<p>-La vitamine E (ac\u00e9tate de tocoph\u00e9rol) aide \u00e0 conserver une peau aussi souple et lisse que possible. C'est donc l'une des vitamines \"jeunesse\".<\/p>\n<p>-Prot\u00e8ge contre les rayons solaires nocifs et l'acn\u00e9<\/p>\n<p>-Le lait d\u00e9maquillant Longrich a des effets r\u00e9ducteurs, aide \u00e0 r\u00e9parer les peaux ab\u00eem\u00e9es, entretient et nourrit la peau et joue un r\u00f4le actif sur la tyrosinase, qui permet la synth\u00e8se des pr\u00e9curseurs de la m\u00e9lanine, qui jouent un r\u00f4le photo-protecteur essentiel.<\/p>\n<p>-La cellule souche du placenta aide \u00e0 rendre la peau plus souple et plus lumineuse Le placenta de mouton est efficace car il rend la peau plus ferme, lift\u00e9e et hydrat\u00e9e. Il traite \u00e9galement l'acn\u00e9prone et les peaux exfoli\u00e9es.<\/p>\n<p>-Les cellules souches d\u00e9riv\u00e9es du placenta de mouton sont \u00e9galement utilis\u00e9es pour leurs propri\u00e9t\u00e9s anti-\u00e2ge, car elles favorisent la production de collag\u00e8ne et augmentent l'\u00e9lasticit\u00e9 de la peau.<\/p>\n<p>-Pourrait aider \u00e0 traiter l'\u00e9ryth\u00e8me fessier chez les b\u00e9b\u00e9s<\/p>\n<p><\/p>\n<p>Conseil : recommand\u00e9 pour un usage quotidien, m\u00eame pour les nourrissons<\/p>","protected":false},"excerpt":{"rendered":"<p>Le LAIT SOD est riche en antioxydants, 35 000 de plus que la vitamine C, il pr\u00e9vient donc le stress oxydatif et le rancissement, combat les radicaux libres et ralentit le vieillissement, favorisant ainsi la r\u00e9g\u00e9n\u00e9ration cellulaire.<\/p>","protected":false},"featured_media":2423,"comment_status":"open","ping_status":"closed","template":"","meta":{"site-sidebar-layout":"default","site-content-layout":"","ast-site-content-layout":"default","site-content-style":"default","site-sidebar-style":"default","ast-global-header-display":"","ast-banner-title-visibility":"","ast-main-header-display":"","ast-hfb-above-header-display":"","ast-hfb-below-header-display":"","ast-hfb-mobile-header-display":"","site-post-title":"","ast-breadcrumbs-content":"","ast-featured-img":"","footer-sml-layout":"","ast-disable-related-posts":"","theme-transparent-header-meta":"default","adv-header-id-meta":"","stick-header-meta":"default","header-above-stick-meta":"","header-main-stick-meta":"","header-below-stick-meta":"","astra-migrate-meta-layouts":"set","ast-page-background-enabled":"default","ast-page-background-meta":{"desktop":{"background-color":"var(--ast-global-color-4)","background-image":"","background-repeat":"repeat","background-position":"center center","background-size":"auto","background-attachment":"scroll","background-type":"","background-media":"","overlay-type":"","overlay-color":"","overlay-opacity":"","overlay-gradient":""},"tablet":{"background-color":"","background-image":"","background-repeat":"repeat","background-position":"center center","background-size":"auto","background-attachment":"scroll","background-type":"","background-media":"","overlay-type":"","overlay-color":"","overlay-opacity":"","overlay-gradient":""},"mobile":{"background-color":"","background-image":"","background-repeat":"repeat","background-position":"center center","background-size":"auto","background-attachment":"scroll","background-type":"","background-media":"","overlay-type":"","overlay-color":"","overlay-opacity":"","overlay-gradient":""}},"ast-content-background-meta":{"desktop":{"background-color":"var(--ast-global-color-5)","background-image":"","background-repeat":"repeat","background-position":"center center","background-size":"auto","background-attachment":"scroll","background-type":"","background-media":"","overlay-type":"","overlay-color":"","overlay-opacity":"","overlay-gradient":""},"tablet":{"background-color":"var(--ast-global-color-5)","background-image":"","background-repeat":"repeat","background-position":"center center","background-size":"auto","background-attachment":"scroll","background-type":"","background-media":"","overlay-type":"","overlay-color":"","overlay-opacity":"","overlay-gradient":""},"mobile":{"background-color":"var(--ast-global-color-5)","background-image":"","background-repeat":"repeat","background-position":"center center","background-size":"auto","background-attachment":"scroll","background-type":"","background-media":"","overlay-type":"","overlay-color":"","overlay-opacity":"","overlay-gradient":""}}},"product_brand":[],"product_cat":[89],"product_tag":[55],"class_list":{"0":"post-1683","1":"product","2":"type-product","3":"status-publish","4":"has-post-thumbnail","6":"product_cat-longrich-daily-products","7":"product_tag-skin-care","8":"desktop-align-left","9":"tablet-align-left","10":"mobile-align-left","11":"ast-product-gallery-layout-horizontal-slider","12":"ast-magnify-disabled","13":"ast-product-tabs-layout-accordion","15":"first","16":"instock","17":"featured","18":"taxable","19":"shipping-taxable","20":"purchasable","21":"product-type-simple"},"bundled_by":["5901"],"bundle_stock_status":"instock","bundle_stock_quantity":94,"bundle_virtual":false,"bundle_layout":"","bundle_add_to_cart_form_location":"","bundle_editable_in_cart":false,"bundle_sold_individually_context":"","bundle_item_grouping":"","bundle_min_size":"","bundle_max_size":"","bundle_price":[],"bundled_items":[],"bundle_sell_ids":[],"_links":{"self":[{"href":"https:\/\/www.rosyhf.com\/fr\/wp-json\/wp\/v2\/product\/1683","targetHints":{"allow":["GET"]}}],"collection":[{"href":"https:\/\/www.rosyhf.com\/fr\/wp-json\/wp\/v2\/product"}],"about":[{"href":"https:\/\/www.rosyhf.com\/fr\/wp-json\/wp\/v2\/types\/product"}],"replies":[{"embeddable":true,"href":"https:\/\/www.rosyhf.com\/fr\/wp-json\/wp\/v2\/comments?post=1683"}],"version-history":[{"count":3,"href":"https:\/\/www.rosyhf.com\/fr\/wp-json\/wp\/v2\/product\/1683\/revisions"}],"predecessor-version":[{"id":3949,"href":"https:\/\/www.rosyhf.com\/fr\/wp-json\/wp\/v2\/product\/1683\/revisions\/3949"}],"wp:featuredmedia":[{"embeddable":true,"href":"https:\/\/www.rosyhf.com\/fr\/wp-json\/wp\/v2\/media\/2423"}],"wp:attachment":[{"href":"https:\/\/www.rosyhf.com\/fr\/wp-json\/wp\/v2\/media?parent=1683"}],"wp:term":[{"taxonomy":"product_brand","embeddable":true,"href":"https:\/\/www.rosyhf.com\/fr\/wp-json\/wp\/v2\/product_brand?post=1683"},{"taxonomy":"product_cat","embeddable":true,"href":"https:\/\/www.rosyhf.com\/fr\/wp-json\/wp\/v2\/product_cat?post=1683"},{"taxonomy":"product_tag","embeddable":true,"href":"https:\/\/www.rosyhf.com\/fr\/wp-json\/wp\/v2\/product_tag?post=1683"}],"curies":[{"name":"wp","href":"https:\/\/api.w.org\/{rel}","templated":true}]}}