{"id":1666,"date":"2023-09-10T19:40:35","date_gmt":"2023-09-10T23:40:35","guid":{"rendered":"https:\/\/rosyhf.com\/product\/golden-olive-scented-bath-oil-1l\/"},"modified":"2026-05-02T05:56:29","modified_gmt":"2026-05-02T10:56:29","slug":"huile-de-bain-parfumee-aux-olives-dorees","status":"publish","type":"product","link":"https:\/\/www.rosyhf.com\/fr\/product\/golden-olive-scented-bath-oil\/","title":{"rendered":"Huile de bain parfum\u00e9e Golden Olive (1 L)"},"content":{"rendered":"<p>\u25ba Formul\u00e9 avec des herbes naturelles qui vous aident \u00e0 nettoyer la salet\u00e9 de votre peau.<\/p>\n<p>\u25ba Contient des olives et de l'huile de romarin ainsi que d'autres nutriments qui d\u00e9gagent une odeur agr\u00e9able et vous aident \u00e0 vous d\u00e9tendre pendant le bain.<\/p>\n<p>\u25ba Peut \u00eatre utilis\u00e9 pour le bain moussant<\/p>\n<p>\u25ba Appliquer d\u00e9licatement sur le corps puis rincer compl\u00e8tement.<\/p>","protected":false},"excerpt":{"rendered":"<p>D\u00e9couvrez notre huile de bain parfum\u00e9e \u00e0 l'olive d'or, une exp\u00e9rience de bain luxueuse. Formul\u00e9e \u00e0 base d'herbes naturelles, elle nettoie en douceur la peau de ses impuret\u00e9s. Enrichie d'huile d'olive, d'huile de romarin et d'autres nutriments, elle offre un parfum agr\u00e9able et relaxant pendant le bain. Id\u00e9al pour un bain moussant, il s'applique d\u00e9licatement sur le corps, puis se rince abondamment. Transformez votre bain en une escapade sensorielle avec notre huile de bain Golden Olive Fragrance Oil.<\/p>","protected":false},"featured_media":2414,"comment_status":"open","ping_status":"closed","template":"","meta":{"site-sidebar-layout":"default","site-content-layout":"","ast-site-content-layout":"default","site-content-style":"default","site-sidebar-style":"default","ast-global-header-display":"","ast-banner-title-visibility":"","ast-main-header-display":"","ast-hfb-above-header-display":"","ast-hfb-below-header-display":"","ast-hfb-mobile-header-display":"","site-post-title":"","ast-breadcrumbs-content":"","ast-featured-img":"","footer-sml-layout":"","ast-disable-related-posts":"","theme-transparent-header-meta":"default","adv-header-id-meta":"","stick-header-meta":"default","header-above-stick-meta":"","header-main-stick-meta":"","header-below-stick-meta":"","astra-migrate-meta-layouts":"set","ast-page-background-enabled":"default","ast-page-background-meta":{"desktop":{"background-color":"var(--ast-global-color-4)","background-image":"","background-repeat":"repeat","background-position":"center center","background-size":"auto","background-attachment":"scroll","background-type":"","background-media":"","overlay-type":"","overlay-color":"","overlay-opacity":"","overlay-gradient":""},"tablet":{"background-color":"","background-image":"","background-repeat":"repeat","background-position":"center center","background-size":"auto","background-attachment":"scroll","background-type":"","background-media":"","overlay-type":"","overlay-color":"","overlay-opacity":"","overlay-gradient":""},"mobile":{"background-color":"","background-image":"","background-repeat":"repeat","background-position":"center center","background-size":"auto","background-attachment":"scroll","background-type":"","background-media":"","overlay-type":"","overlay-color":"","overlay-opacity":"","overlay-gradient":""}},"ast-content-background-meta":{"desktop":{"background-color":"var(--ast-global-color-5)","background-image":"","background-repeat":"repeat","background-position":"center center","background-size":"auto","background-attachment":"scroll","background-type":"","background-media":"","overlay-type":"","overlay-color":"","overlay-opacity":"","overlay-gradient":""},"tablet":{"background-color":"var(--ast-global-color-5)","background-image":"","background-repeat":"repeat","background-position":"center center","background-size":"auto","background-attachment":"scroll","background-type":"","background-media":"","overlay-type":"","overlay-color":"","overlay-opacity":"","overlay-gradient":""},"mobile":{"background-color":"var(--ast-global-color-5)","background-image":"","background-repeat":"repeat","background-position":"center center","background-size":"auto","background-attachment":"scroll","background-type":"","background-media":"","overlay-type":"","overlay-color":"","overlay-opacity":"","overlay-gradient":""}}},"product_brand":[],"product_cat":[89],"product_tag":[55],"class_list":{"0":"post-1666","1":"product","2":"type-product","3":"status-publish","4":"has-post-thumbnail","6":"product_cat-longrich-daily-products","7":"product_tag-skin-care","8":"desktop-align-left","9":"tablet-align-left","10":"mobile-align-left","11":"ast-product-gallery-layout-horizontal-slider","12":"ast-magnify-disabled","13":"ast-product-tabs-layout-accordion","15":"first","16":"instock","17":"featured","18":"taxable","19":"shipping-taxable","20":"purchasable","21":"product-type-simple"},"bundled_by":["5903"],"bundle_stock_status":"instock","bundle_stock_quantity":24,"bundle_virtual":false,"bundle_layout":"","bundle_add_to_cart_form_location":"","bundle_editable_in_cart":false,"bundle_sold_individually_context":"","bundle_item_grouping":"","bundle_min_size":"","bundle_max_size":"","bundle_price":[],"bundled_items":[],"bundle_sell_ids":[],"_links":{"self":[{"href":"https:\/\/www.rosyhf.com\/fr\/wp-json\/wp\/v2\/product\/1666","targetHints":{"allow":["GET"]}}],"collection":[{"href":"https:\/\/www.rosyhf.com\/fr\/wp-json\/wp\/v2\/product"}],"about":[{"href":"https:\/\/www.rosyhf.com\/fr\/wp-json\/wp\/v2\/types\/product"}],"replies":[{"embeddable":true,"href":"https:\/\/www.rosyhf.com\/fr\/wp-json\/wp\/v2\/comments?post=1666"}],"version-history":[{"count":3,"href":"https:\/\/www.rosyhf.com\/fr\/wp-json\/wp\/v2\/product\/1666\/revisions"}],"predecessor-version":[{"id":3409,"href":"https:\/\/www.rosyhf.com\/fr\/wp-json\/wp\/v2\/product\/1666\/revisions\/3409"}],"wp:featuredmedia":[{"embeddable":true,"href":"https:\/\/www.rosyhf.com\/fr\/wp-json\/wp\/v2\/media\/2414"}],"wp:attachment":[{"href":"https:\/\/www.rosyhf.com\/fr\/wp-json\/wp\/v2\/media?parent=1666"}],"wp:term":[{"taxonomy":"product_brand","embeddable":true,"href":"https:\/\/www.rosyhf.com\/fr\/wp-json\/wp\/v2\/product_brand?post=1666"},{"taxonomy":"product_cat","embeddable":true,"href":"https:\/\/www.rosyhf.com\/fr\/wp-json\/wp\/v2\/product_cat?post=1666"},{"taxonomy":"product_tag","embeddable":true,"href":"https:\/\/www.rosyhf.com\/fr\/wp-json\/wp\/v2\/product_tag?post=1666"}],"curies":[{"name":"wp","href":"https:\/\/api.w.org\/{rel}","templated":true}]}}